{"id":2158,"date":"2024-10-09T09:58:41","date_gmt":"2024-10-09T09:58:41","guid":{"rendered":"https:\/\/www.habi22.cz\/?page_id=2158"},"modified":"2024-10-16T12:49:46","modified_gmt":"2024-10-16T12:49:46","slug":"home","status":"publish","type":"page","link":"https:\/\/www.habi22.cz\/vn\/","title":{"rendered":"Home"},"content":{"rendered":"<div data-elementor-type=\"wp-page\" data-elementor-id=\"2158\" class=\"elementor elementor-2158\" data-elementor-post-type=\"page\">\n\t\t\t\t<div data-particle_enable=\"false\" data-particle-mobile-disabled=\"false\" class=\"elementor-element elementor-element-68f84d7 elementor-hidden-mobile e-flex e-con-boxed e-con e-parent\" data-id=\"68f84d7\" data-element_type=\"container\" data-e-type=\"container\" data-settings=\"{&quot;background_background&quot;:&quot;video&quot;,&quot;background_video_link&quot;:&quot;https:\\\/\\\/www.habi22.cz\\\/wp-content\\\/uploads\\\/2024\\\/10\\\/Habi22-na-sirku-bez-textu-1-1.mp4&quot;,&quot;background_play_on_mobile&quot;:&quot;yes&quot;}\">\n\t\t\t\t\t<div class=\"e-con-inner\">\n\t\t<div class=\"elementor-background-video-container\">\n\t\t\t\t\t\t\t<video class=\"elementor-background-video-hosted\" role=\"presentation\" autoplay muted playsinline loop><\/video>\n\t\t\t\t\t<\/div><div data-particle_enable=\"false\" data-particle-mobile-disabled=\"false\" class=\"elementor-element elementor-element-85e4875 e-grid e-con-full e-con e-child\" data-id=\"85e4875\" data-element_type=\"container\" data-e-type=\"container\">\n\t\t\t\t<div class=\"elementor-element elementor-element-da3dbd6 elementor-widget__width-initial elementor-widget-tablet__width-initial elementor-widget elementor-widget-heading\" data-id=\"da3dbd6\" data-element_type=\"widget\" data-e-type=\"widget\" data-widget_type=\"heading.default\">\n\t\t\t\t<div class=\"elementor-widget-container\">\n\t\t\t\t\t<h1 class=\"elementor-heading-title elementor-size-default\">V\u00edtejte v <span class=\"heading-font\">Habi22<\/span> Nail &amp; Eyelash Studio<\/h1>\t\t\t\t<\/div>\n\t\t\t\t<\/div>\n\t\t\t\t<div class=\"elementor-element elementor-element-bb7e5eb elementor-widget elementor-widget-spacer\" data-id=\"bb7e5eb\" data-element_type=\"widget\" data-e-type=\"widget\" data-widget_type=\"spacer.default\">\n\t\t\t\t<div class=\"elementor-widget-container\">\n\t\t\t\t\t\t\t<div class=\"elementor-spacer\">\n\t\t\t<div class=\"elementor-spacer-inner\"><\/div>\n\t\t<\/div>\n\t\t\t\t\t\t<\/div>\n\t\t\t\t<\/div>\n\t\t\t\t<\/div>\n\t\t<div data-particle_enable=\"false\" data-particle-mobile-disabled=\"false\" class=\"elementor-element elementor-element-9bf2a5a e-con-full e-flex e-con e-child\" data-id=\"9bf2a5a\" data-element_type=\"container\" data-e-type=\"container\">\n\t\t\t\t<div class=\"elementor-element elementor-element-f77eba5 elementor-widget elementor-widget-html\" data-id=\"f77eba5\" data-element_type=\"widget\" data-e-type=\"widget\" data-widget_type=\"html.default\">\n\t\t\t\t<div class=\"elementor-widget-container\">\n\t\t\t\t\t<svg width=\"24\" height=\"24\" viewbox=\"0 0 24 24\" fill=\"none\" xmlns=\"http:\/\/www.w3.org\/2000\/svg\">\n<path d=\"M24 6C24 2.68629 21.3137 -1.44847e-07 18 0C14.6863 1.44847e-07 12 2.68629 12 6C12 2.68629 9.31371 3.7969e-07 6 5.24537e-07C2.68629 7.86805e-07 -2.62268e-07 2.68629 0 6C1.44847e-07 9.31371 2.68629 12 6 12C2.68629 12 3.7969e-07 14.6863 5.24537e-07 18C6.69383e-07 21.3137 2.68629 24 6 24C9.31371 24 12 21.3137 12 18C12 21.3137 14.6863 24 18 24C21.3137 24 24 21.3137 24 18C24 14.6871 21.315 12.0013 18.0023 12C21.315 11.9987 24 9.31292 24 6Z\" fill=\"#F4F4F4\"\/>\n<\/svg>\t\t\t\t<\/div>\n\t\t\t\t<\/div>\n\t\t<div data-particle_enable=\"false\" data-particle-mobile-disabled=\"false\" class=\"elementor-element elementor-element-d2ea8c3 e-con-full e-flex e-con e-child\" data-id=\"d2ea8c3\" data-element_type=\"container\" data-e-type=\"container\">\n\t\t\t\t<div class=\"elementor-element elementor-element-4eaf915 elementor-view-default elementor-widget elementor-widget-icon\" data-id=\"4eaf915\" data-element_type=\"widget\" data-e-type=\"widget\" data-widget_type=\"icon.default\">\n\t\t\t\t<div class=\"elementor-widget-container\">\n\t\t\t\t\t\t\t<div class=\"elementor-icon-wrapper\">\n\t\t\t<a class=\"elementor-icon\" href=\"https:\/\/www.facebook.com\/Habi22salon\" target=\"_blank\">\n\t\t\t<i aria-hidden=\"true\" class=\"fab fa-facebook\"><\/i>\t\t\t<\/a>\n\t\t<\/div>\n\t\t\t\t\t\t<\/div>\n\t\t\t\t<\/div>\n\t\t\t\t<div class=\"elementor-element elementor-element-daa2fd4 elementor-view-default elementor-widget elementor-widget-icon\" data-id=\"daa2fd4\" data-element_type=\"widget\" data-e-type=\"widget\" data-widget_type=\"icon.default\">\n\t\t\t\t<div class=\"elementor-widget-container\">\n\t\t\t\t\t\t\t<div class=\"elementor-icon-wrapper\">\n\t\t\t<a class=\"elementor-icon\" href=\"https:\/\/www.instagram.com\/habi22_salon\/\" target=\"_blank\">\n\t\t\t<i aria-hidden=\"true\" class=\"fab fa-instagram\"><\/i>\t\t\t<\/a>\n\t\t<\/div>\n\t\t\t\t\t\t<\/div>\n\t\t\t\t<\/div>\n\t\t\t\t<\/div>\n\t\t\t\t<\/div>\n\t\t\t\t\t<\/div>\n\t\t\t\t<\/div>\n\t\t<div data-particle_enable=\"false\" data-particle-mobile-disabled=\"false\" class=\"elementor-element elementor-element-9aa2a2c elementor-hidden-desktop elementor-hidden-tablet e-flex e-con-boxed e-con e-parent\" data-id=\"9aa2a2c\" data-element_type=\"container\" data-e-type=\"container\" data-settings=\"{&quot;background_background&quot;:&quot;video&quot;,&quot;background_video_link&quot;:&quot;https:\\\/\\\/www.habi22.cz\\\/wp-content\\\/uploads\\\/2024\\\/10\\\/Habbi22-bez-textu-a-efektu-2.mp4&quot;,&quot;background_play_on_mobile&quot;:&quot;yes&quot;}\">\n\t\t\t\t\t<div class=\"e-con-inner\">\n\t\t<div class=\"elementor-background-video-container\">\n\t\t\t\t\t\t\t<video class=\"elementor-background-video-hosted\" role=\"presentation\" autoplay muted playsinline loop><\/video>\n\t\t\t\t\t<\/div><div data-particle_enable=\"false\" data-particle-mobile-disabled=\"false\" class=\"elementor-element elementor-element-e4a8f20 e-grid e-con-full e-con e-child\" data-id=\"e4a8f20\" data-element_type=\"container\" data-e-type=\"container\">\n\t\t\t\t<div class=\"elementor-element elementor-element-4164ce7 elementor-widget__width-initial elementor-widget-tablet__width-initial elementor-widget elementor-widget-heading\" data-id=\"4164ce7\" data-element_type=\"widget\" data-e-type=\"widget\" data-widget_type=\"heading.default\">\n\t\t\t\t<div class=\"elementor-widget-container\">\n\t\t\t\t\t<h1 class=\"elementor-heading-title elementor-size-default\">V\u00edtejte v <span class=\"heading-font\">Habi22<\/span> Nail &amp; Eyelash Studio<\/h1>\t\t\t\t<\/div>\n\t\t\t\t<\/div>\n\t\t\t\t<div class=\"elementor-element elementor-element-0b1a195 elementor-widget elementor-widget-spacer\" data-id=\"0b1a195\" data-element_type=\"widget\" data-e-type=\"widget\" data-widget_type=\"spacer.default\">\n\t\t\t\t<div class=\"elementor-widget-container\">\n\t\t\t\t\t\t\t<div class=\"elementor-spacer\">\n\t\t\t<div class=\"elementor-spacer-inner\"><\/div>\n\t\t<\/div>\n\t\t\t\t\t\t<\/div>\n\t\t\t\t<\/div>\n\t\t\t\t<\/div>\n\t\t<div data-particle_enable=\"false\" data-particle-mobile-disabled=\"false\" class=\"elementor-element elementor-element-2547a0d e-con-full e-flex e-con e-child\" data-id=\"2547a0d\" data-element_type=\"container\" data-e-type=\"container\">\n\t\t\t\t<div class=\"elementor-element elementor-element-74f316b elementor-widget elementor-widget-html\" data-id=\"74f316b\" data-element_type=\"widget\" data-e-type=\"widget\" data-widget_type=\"html.default\">\n\t\t\t\t<div class=\"elementor-widget-container\">\n\t\t\t\t\t<svg width=\"24\" height=\"24\" viewbox=\"0 0 24 24\" fill=\"none\" xmlns=\"http:\/\/www.w3.org\/2000\/svg\">\n<path d=\"M24 6C24 2.68629 21.3137 -1.44847e-07 18 0C14.6863 1.44847e-07 12 2.68629 12 6C12 2.68629 9.31371 3.7969e-07 6 5.24537e-07C2.68629 7.86805e-07 -2.62268e-07 2.68629 0 6C1.44847e-07 9.31371 2.68629 12 6 12C2.68629 12 3.7969e-07 14.6863 5.24537e-07 18C6.69383e-07 21.3137 2.68629 24 6 24C9.31371 24 12 21.3137 12 18C12 21.3137 14.6863 24 18 24C21.3137 24 24 21.3137 24 18C24 14.6871 21.315 12.0013 18.0023 12C21.315 11.9987 24 9.31292 24 6Z\" fill=\"#F4F4F4\"\/>\n<\/svg>\t\t\t\t<\/div>\n\t\t\t\t<\/div>\n\t\t<div data-particle_enable=\"false\" data-particle-mobile-disabled=\"false\" class=\"elementor-element elementor-element-8f9b3db e-con-full e-flex e-con e-child\" data-id=\"8f9b3db\" data-element_type=\"container\" data-e-type=\"container\">\n\t\t\t\t<div class=\"elementor-element elementor-element-27e6edc elementor-view-default elementor-widget elementor-widget-icon\" data-id=\"27e6edc\" data-element_type=\"widget\" data-e-type=\"widget\" data-widget_type=\"icon.default\">\n\t\t\t\t<div class=\"elementor-widget-container\">\n\t\t\t\t\t\t\t<div class=\"elementor-icon-wrapper\">\n\t\t\t<a class=\"elementor-icon\" href=\"https:\/\/www.facebook.com\/Habi22salon\" target=\"_blank\">\n\t\t\t<i aria-hidden=\"true\" class=\"fab fa-facebook\"><\/i>\t\t\t<\/a>\n\t\t<\/div>\n\t\t\t\t\t\t<\/div>\n\t\t\t\t<\/div>\n\t\t\t\t<div class=\"elementor-element elementor-element-0f798d7 elementor-view-default elementor-widget elementor-widget-icon\" data-id=\"0f798d7\" data-element_type=\"widget\" data-e-type=\"widget\" data-widget_type=\"icon.default\">\n\t\t\t\t<div class=\"elementor-widget-container\">\n\t\t\t\t\t\t\t<div class=\"elementor-icon-wrapper\">\n\t\t\t<a class=\"elementor-icon\" href=\"https:\/\/www.instagram.com\/habi22_salon\/\" target=\"_blank\">\n\t\t\t<i aria-hidden=\"true\" class=\"fab fa-instagram\"><\/i>\t\t\t<\/a>\n\t\t<\/div>\n\t\t\t\t\t\t<\/div>\n\t\t\t\t<\/div>\n\t\t\t\t<\/div>\n\t\t\t\t<\/div>\n\t\t\t\t\t<\/div>\n\t\t\t\t<\/div>\n\t\t<div data-particle_enable=\"false\" data-particle-mobile-disabled=\"false\" class=\"elementor-element elementor-element-832ff39 e-flex e-con-boxed e-con e-parent\" data-id=\"832ff39\" data-element_type=\"container\" data-e-type=\"container\" data-settings=\"{&quot;background_background&quot;:&quot;classic&quot;}\">\n\t\t\t\t\t<div class=\"e-con-inner\">\n\t\t<div data-particle_enable=\"false\" data-particle-mobile-disabled=\"false\" class=\"elementor-element elementor-element-370482e e-grid e-con-full e-con e-child\" data-id=\"370482e\" data-element_type=\"container\" data-e-type=\"container\">\n\t\t<div data-particle_enable=\"false\" data-particle-mobile-disabled=\"false\" class=\"elementor-element elementor-element-3f342b2 e-con-full e-flex e-con e-child\" data-id=\"3f342b2\" data-element_type=\"container\" data-e-type=\"container\">\n\t\t<div data-particle_enable=\"false\" data-particle-mobile-disabled=\"false\" class=\"elementor-element elementor-element-a10dc15 e-con-full e-flex e-con e-child\" data-id=\"a10dc15\" data-element_type=\"container\" data-e-type=\"container\">\n\t\t\t\t<div class=\"elementor-element elementor-element-aa5fe69 elementor-widget elementor-widget-html\" data-id=\"aa5fe69\" data-element_type=\"widget\" data-e-type=\"widget\" data-widget_type=\"html.default\">\n\t\t\t\t<div class=\"elementor-widget-container\">\n\t\t\t\t\t<svg width=\"24\" height=\"24\" viewbox=\"0 0 24 24\" fill=\"none\" xmlns=\"http:\/\/www.w3.org\/2000\/svg\">\n<path d=\"M24 6C24 2.68629 21.3137 -1.44847e-07 18 0C14.6863 1.44847e-07 12 2.68629 12 6C12 2.68629 9.31371 3.7969e-07 6 5.24537e-07C2.68629 7.86805e-07 -2.62268e-07 2.68629 0 6C1.44847e-07 9.31371 2.68629 12 6 12C2.68629 12 3.7969e-07 14.6863 5.24537e-07 18C6.69383e-07 21.3137 2.68629 24 6 24C9.31371 24 12 21.3137 12 18C12 21.3137 14.6863 24 18 24C21.3137 24 24 21.3137 24 18C24 14.6871 21.315 12.0013 18.0023 12C21.315 11.9987 24 9.31292 24 6Z\" fill=\"#5D5A5A\"\/>\n<\/svg>\t\t\t\t<\/div>\n\t\t\t\t<\/div>\n\t\t\t\t<div class=\"elementor-element elementor-element-47dbe84 elementor-invisible elementor-widget elementor-widget-text-editor\" data-id=\"47dbe84\" data-element_type=\"widget\" data-e-type=\"widget\" data-settings=\"{&quot;_animation&quot;:&quot;fadeIn&quot;}\" data-widget_type=\"text-editor.default\">\n\t\t\t\t<div class=\"elementor-widget-container\">\n\t\t\t\t\t\t\t\t\t<p>Na\u0161e studia<\/p>\t\t\t\t\t\t\t\t<\/div>\n\t\t\t\t<\/div>\n\t\t\t\t<\/div>\n\t\t<div data-particle_enable=\"false\" data-particle-mobile-disabled=\"false\" class=\"elementor-element elementor-element-a06fed1 e-con-full e-flex e-con e-child\" data-id=\"a06fed1\" data-element_type=\"container\" data-e-type=\"container\">\n\t\t\t\t<div class=\"elementor-element elementor-element-064ba47 elementor-widget__width-initial elementor-invisible elementor-widget elementor-widget-heading\" data-id=\"064ba47\" data-element_type=\"widget\" data-e-type=\"widget\" data-settings=\"{&quot;_animation&quot;:&quot;fadeInUp&quot;,&quot;_animation_delay&quot;:250}\" data-widget_type=\"heading.default\">\n\t\t\t\t<div class=\"elementor-widget-container\">\n\t\t\t\t\t<h2 class=\"elementor-heading-title elementor-size-default\"><span class=\"heading-font\">Specializovan\u00e1<\/span> studia poskytuj\u00edc\u00ed profesion\u00e1ln\u00ed a \u0161pi\u010dkov\u00e9 slu\u017eby<\/h2>\t\t\t\t<\/div>\n\t\t\t\t<\/div>\n\t\t\t\t<\/div>\n\t\t\t\t<\/div>\n\t\t\t\t<div class=\"elementor-element elementor-element-f3b553d elementor-invisible elementor-widget elementor-widget-text-editor\" data-id=\"f3b553d\" data-element_type=\"widget\" data-e-type=\"widget\" data-settings=\"{&quot;_animation&quot;:&quot;fadeIn&quot;,&quot;_animation_delay&quot;:400}\" data-widget_type=\"text-editor.default\">\n\t\t\t\t<div class=\"elementor-widget-container\">\n\t\t\t\t\t\t\t\t\t<p>Ve studiu Habi22 se specializujeme na vytv\u00e1\u0159en\u00ed vzhledu, kter\u00fd si zamilujete. A\u0165 u\u017e jde o sv\u011b\u017e\u00ed nehty nebo bezchybn\u00e9 \u0159asy, m\u00e1me pro v\u00e1s v\u0161e. Klikn\u011bte n\u00ed\u017ee a vstupte do sv\u00e9ho dokonal\u00e9ho studia.<\/p>\t\t\t\t\t\t\t\t<\/div>\n\t\t\t\t<\/div>\n\t\t\t\t<\/div>\n\t\t<div data-particle_enable=\"false\" data-particle-mobile-disabled=\"false\" class=\"elementor-element elementor-element-be077b3 e-con-full e-flex e-con e-child\" data-id=\"be077b3\" data-element_type=\"container\" data-e-type=\"container\">\n\t\t<a class=\"eael-wrapper-link-1acd471 --eael-wrapper-link-tag\" href=\"https:\/\/www.habi22.cz\/vn\/nail-studio-n90\/\"><\/a><div data-eael-wrapper-link=\"eael-wrapper-link-1acd471\" data-particle_enable=\"false\" data-particle-mobile-disabled=\"false\" class=\"elementor-element elementor-element-1acd471 e-con-full studio-card-1 e-flex elementor-invisible e-con e-child\" data-id=\"1acd471\" data-element_type=\"container\" data-e-type=\"container\" data-settings=\"{&quot;background_background&quot;:&quot;classic&quot;,&quot;animation&quot;:&quot;fadeInUp&quot;,&quot;animation_delay&quot;:650}\">\n\t\t<div data-particle_enable=\"false\" data-particle-mobile-disabled=\"false\" class=\"elementor-element elementor-element-b084c45 e-con-full e-flex e-con e-child\" data-id=\"b084c45\" data-element_type=\"container\" data-e-type=\"container\">\n\t\t\t\t<div class=\"elementor-element elementor-element-a50a650 elementor-widget elementor-widget-image\" data-id=\"a50a650\" data-element_type=\"widget\" data-e-type=\"widget\" data-widget_type=\"image.default\">\n\t\t\t\t<div class=\"elementor-widget-container\">\n\t\t\t\t\t\t\t\t\t\t\t\t\t\t\t<img fetchpriority=\"high\" decoding=\"async\" width=\"768\" height=\"1024\" src=\"https:\/\/www.habi22.cz\/wp-content\/uploads\/2024\/10\/image11-768x1024.webp\" class=\"elementor-animation-grow attachment-large size-large wp-image-2286\" alt=\"\" srcset=\"https:\/\/www.habi22.cz\/wp-content\/uploads\/2024\/10\/image11-768x1024.webp 768w, https:\/\/www.habi22.cz\/wp-content\/uploads\/2024\/10\/image11-225x300.webp 225w, https:\/\/www.habi22.cz\/wp-content\/uploads\/2024\/10\/image11-1152x1536.webp 1152w, https:\/\/www.habi22.cz\/wp-content\/uploads\/2024\/10\/image11-1536x2048.webp 1536w, https:\/\/www.habi22.cz\/wp-content\/uploads\/2024\/10\/image11-9x12.webp 9w, https:\/\/www.habi22.cz\/wp-content\/uploads\/2024\/10\/image11-scaled.webp 1920w\" sizes=\"(max-width: 768px) 100vw, 768px\" \/>\t\t\t\t\t\t\t\t\t\t\t\t\t\t\t<\/div>\n\t\t\t\t<\/div>\n\t\t\t\t<\/div>\n\t\t<div data-particle_enable=\"false\" data-particle-mobile-disabled=\"false\" class=\"elementor-element elementor-element-3b7617f e-con-full card-text-wrapper e-flex e-con e-child\" data-id=\"3b7617f\" data-element_type=\"container\" data-e-type=\"container\">\n\t\t\t\t<div class=\"elementor-element elementor-element-658716a elementor-widget elementor-widget-heading\" data-id=\"658716a\" data-element_type=\"widget\" data-e-type=\"widget\" data-widget_type=\"heading.default\">\n\t\t\t\t<div class=\"elementor-widget-container\">\n\t\t\t\t\t<h2 class=\"elementor-heading-title elementor-size-default\">Nail Studio | N90<\/h2>\t\t\t\t<\/div>\n\t\t\t\t<\/div>\n\t\t\t\t<div class=\"elementor-element elementor-element-ff10b86 card-icon e-transform elementor-view-default elementor-widget elementor-widget-icon\" data-id=\"ff10b86\" data-element_type=\"widget\" data-e-type=\"widget\" data-settings=\"{&quot;_transform_rotateZ_effect&quot;:{&quot;unit&quot;:&quot;px&quot;,&quot;size&quot;:90,&quot;sizes&quot;:[]},&quot;_transform_rotateZ_effect_tablet&quot;:{&quot;unit&quot;:&quot;deg&quot;,&quot;size&quot;:&quot;&quot;,&quot;sizes&quot;:[]},&quot;_transform_rotateZ_effect_mobile&quot;:{&quot;unit&quot;:&quot;deg&quot;,&quot;size&quot;:&quot;&quot;,&quot;sizes&quot;:[]}}\" data-widget_type=\"icon.default\">\n\t\t\t\t<div class=\"elementor-widget-container\">\n\t\t\t\t\t\t\t<div class=\"elementor-icon-wrapper\">\n\t\t\t<div class=\"elementor-icon\">\n\t\t\t<svg xmlns=\"http:\/\/www.w3.org\/2000\/svg\" clip-rule=\"evenodd\" fill-rule=\"evenodd\" height=\"512\" viewbox=\"0 0 28444 28444\" width=\"512\"><g id=\"Layer_x0020_1\"><path d=\"m4382 1866h22196v22196h-2490v-17938l-20093 20093-1768-1767 20094-20094h-17939z\" fill-rule=\"nonzero\"><\/path><\/g><\/svg>\t\t\t<\/div>\n\t\t<\/div>\n\t\t\t\t\t\t<\/div>\n\t\t\t\t<\/div>\n\t\t\t\t<\/div>\n\t\t\t\t<\/div>\n\t\t\t\t<div class=\"elementor-element elementor-element-60d70ca elementor-invisible elementor-widget elementor-widget-spacer\" data-id=\"60d70ca\" data-element_type=\"widget\" data-e-type=\"widget\" data-settings=\"{&quot;_animation&quot;:&quot;fadeInUp&quot;,&quot;_animation_delay&quot;:800}\" data-widget_type=\"spacer.default\">\n\t\t\t\t<div class=\"elementor-widget-container\">\n\t\t\t\t\t\t\t<div class=\"elementor-spacer\">\n\t\t\t<div class=\"elementor-spacer-inner\"><\/div>\n\t\t<\/div>\n\t\t\t\t\t\t<\/div>\n\t\t\t\t<\/div>\n\t\t<a class=\"eael-wrapper-link-d94c62b --eael-wrapper-link-tag\" href=\"https:\/\/www.habi22.cz\/vn\/eyelash-studio-n84-2\/\"><\/a><div data-eael-wrapper-link=\"eael-wrapper-link-d94c62b\" data-particle_enable=\"false\" data-particle-mobile-disabled=\"false\" class=\"elementor-element elementor-element-d94c62b e-con-full studio-card-2 e-flex elementor-invisible e-con e-child\" data-id=\"d94c62b\" data-element_type=\"container\" data-e-type=\"container\" data-settings=\"{&quot;animation&quot;:&quot;fadeInUp&quot;,&quot;animation_delay&quot;:950}\">\n\t\t<div data-particle_enable=\"false\" data-particle-mobile-disabled=\"false\" class=\"elementor-element elementor-element-3ee394a e-con-full e-flex e-con e-child\" data-id=\"3ee394a\" data-element_type=\"container\" data-e-type=\"container\">\n\t\t\t\t<div class=\"elementor-element elementor-element-0aecb3d elementor-widget elementor-widget-image\" data-id=\"0aecb3d\" data-element_type=\"widget\" data-e-type=\"widget\" data-widget_type=\"image.default\">\n\t\t\t\t<div class=\"elementor-widget-container\">\n\t\t\t\t\t\t\t\t\t\t\t\t\t\t\t<img decoding=\"async\" width=\"800\" height=\"800\" src=\"https:\/\/www.habi22.cz\/wp-content\/uploads\/2024\/10\/IMG_2507-1024x1024.webp\" class=\"elementor-animation-grow attachment-large size-large wp-image-2495\" alt=\"\" srcset=\"https:\/\/www.habi22.cz\/wp-content\/uploads\/2024\/10\/IMG_2507-1024x1024.webp 1024w, https:\/\/www.habi22.cz\/wp-content\/uploads\/2024\/10\/IMG_2507-300x300.webp 300w, https:\/\/www.habi22.cz\/wp-content\/uploads\/2024\/10\/IMG_2507-150x150.webp 150w, https:\/\/www.habi22.cz\/wp-content\/uploads\/2024\/10\/IMG_2507-768x768.webp 768w, https:\/\/www.habi22.cz\/wp-content\/uploads\/2024\/10\/IMG_2507-1536x1536.webp 1536w, https:\/\/www.habi22.cz\/wp-content\/uploads\/2024\/10\/IMG_2507-2048x2048.webp 2048w, https:\/\/www.habi22.cz\/wp-content\/uploads\/2024\/10\/IMG_2507-12x12.webp 12w\" sizes=\"(max-width: 800px) 100vw, 800px\" \/>\t\t\t\t\t\t\t\t\t\t\t\t\t\t\t<\/div>\n\t\t\t\t<\/div>\n\t\t\t\t<\/div>\n\t\t<div data-particle_enable=\"false\" data-particle-mobile-disabled=\"false\" class=\"elementor-element elementor-element-0138ca6 e-con-full card-text-wrapper e-flex e-con e-child\" data-id=\"0138ca6\" data-element_type=\"container\" data-e-type=\"container\">\n\t\t\t\t<div class=\"elementor-element elementor-element-52eef2b card-heading elementor-widget elementor-widget-heading\" data-id=\"52eef2b\" data-element_type=\"widget\" data-e-type=\"widget\" data-widget_type=\"heading.default\">\n\t\t\t\t<div class=\"elementor-widget-container\">\n\t\t\t\t\t<h2 class=\"elementor-heading-title elementor-size-default\">Eyelash Studio | N84<\/h2>\t\t\t\t<\/div>\n\t\t\t\t<\/div>\n\t\t\t\t<div class=\"elementor-element elementor-element-e2ed3f6 card-icon e-transform elementor-view-default elementor-widget elementor-widget-icon\" data-id=\"e2ed3f6\" data-element_type=\"widget\" data-e-type=\"widget\" data-settings=\"{&quot;_transform_rotateZ_effect&quot;:{&quot;unit&quot;:&quot;px&quot;,&quot;size&quot;:90,&quot;sizes&quot;:[]},&quot;_transform_rotateZ_effect_tablet&quot;:{&quot;unit&quot;:&quot;deg&quot;,&quot;size&quot;:&quot;&quot;,&quot;sizes&quot;:[]},&quot;_transform_rotateZ_effect_mobile&quot;:{&quot;unit&quot;:&quot;deg&quot;,&quot;size&quot;:&quot;&quot;,&quot;sizes&quot;:[]}}\" data-widget_type=\"icon.default\">\n\t\t\t\t<div class=\"elementor-widget-container\">\n\t\t\t\t\t\t\t<div class=\"elementor-icon-wrapper\">\n\t\t\t<div class=\"elementor-icon\">\n\t\t\t<svg xmlns=\"http:\/\/www.w3.org\/2000\/svg\" clip-rule=\"evenodd\" fill-rule=\"evenodd\" height=\"512\" viewbox=\"0 0 28444 28444\" width=\"512\"><g id=\"Layer_x0020_1\"><path d=\"m4382 1866h22196v22196h-2490v-17938l-20093 20093-1768-1767 20094-20094h-17939z\" fill-rule=\"nonzero\"><\/path><\/g><\/svg>\t\t\t<\/div>\n\t\t<\/div>\n\t\t\t\t\t\t<\/div>\n\t\t\t\t<\/div>\n\t\t\t\t<\/div>\n\t\t\t\t<\/div>\n\t\t\t\t<\/div>\n\t\t\t\t\t<\/div>\n\t\t\t\t<\/div>\n\t\t\t\t<\/div>","protected":false},"excerpt":{"rendered":"<p>V\u00edtejte v Habi22 Nail &amp; Eyelash Studio V\u00edtejte v Habi22 Nail &amp; Eyelash Studio Na\u0161e studia Specializovan\u00e1 studia poskytuj\u00edc\u00ed profesion\u00e1ln\u00ed a \u0161pi\u010dkov\u00e9 slu\u017eby Ve studiu Habi22 se specializujeme na vytv\u00e1\u0159en\u00ed vzhledu, kter\u00fd si zamilujete. A\u0165 u\u017e jde o sv\u011b\u017e\u00ed nehty nebo bezchybn\u00e9 \u0159asy, m\u00e1me pro v\u00e1s v\u0161e. Klikn\u011bte n\u00ed\u017ee a vstupte do sv\u00e9ho dokonal\u00e9ho studia. [&hellip;]<\/p>\n","protected":false},"author":1,"featured_media":0,"parent":0,"menu_order":0,"comment_status":"closed","ping_status":"closed","template":"","meta":{"iawp_total_views":27240,"footnotes":""},"class_list":["post-2158","page","type-page","status-publish","hentry"],"_links":{"self":[{"href":"https:\/\/www.habi22.cz\/vn\/wp-json\/wp\/v2\/pages\/2158","targetHints":{"allow":["GET"]}}],"collection":[{"href":"https:\/\/www.habi22.cz\/vn\/wp-json\/wp\/v2\/pages"}],"about":[{"href":"https:\/\/www.habi22.cz\/vn\/wp-json\/wp\/v2\/types\/page"}],"author":[{"embeddable":true,"href":"https:\/\/www.habi22.cz\/vn\/wp-json\/wp\/v2\/users\/1"}],"replies":[{"embeddable":true,"href":"https:\/\/www.habi22.cz\/vn\/wp-json\/wp\/v2\/comments?post=2158"}],"version-history":[{"count":61,"href":"https:\/\/www.habi22.cz\/vn\/wp-json\/wp\/v2\/pages\/2158\/revisions"}],"predecessor-version":[{"id":2684,"href":"https:\/\/www.habi22.cz\/vn\/wp-json\/wp\/v2\/pages\/2158\/revisions\/2684"}],"wp:attachment":[{"href":"https:\/\/www.habi22.cz\/vn\/wp-json\/wp\/v2\/media?parent=2158"}],"curies":[{"name":"wp","href":"https:\/\/api.w.org\/{rel}","templated":true}]}}